{"id":5,"date":"2021-01-01T13:47:54","date_gmt":"2021-01-01T12:47:54","guid":{"rendered":"http:\/\/www.gemmae.pl\/?page_id=5"},"modified":"2025-05-14T20:31:49","modified_gmt":"2025-05-14T18:31:49","slug":"strona-glowna","status":"publish","type":"page","link":"https:\/\/www.gemmae.pl\/","title":{"rendered":"Strona g\u0142\u00f3wna"},"content":{"rendered":"","protected":false},"excerpt":{"rendered":"","protected":false},"author":1,"featured_media":0,"parent":0,"menu_order":0,"comment_status":"closed","ping_status":"closed","template":"","meta":{"intro_content":"Rosiczki pigmejskie s\u0105 grup\u0105 ro\u015blin pochodz\u0105cych g\u0142\u00f3wnie z po\u0142udniowo-zachodniej Australii. (Z drobnym wyj\u0105tkiem dla D. meristocaulis) Jak sama nazwa wskazuje, s\u0105 to ro\u015bliny niewielkich rozmiar\u00f3w (1-2cm \u015brednicy). Zale\u017cnie od gatunku, b\u0119d\u0105 to okazy rozetowe lub o pokroju bardziej wznios\u0142ym. Podobnie jak inne ro\u015bliny tego typu, posiadaj\u0105 pu\u0142apki \u0142owne, rosn\u0105, kwitn\u0105 oraz wydaj\u0105 nasiona. Istotnym elementem odr\u00f3\u017cniaj\u0105cym je od innych rosiczek jest fakt, \u017ce w odpowiednich warunkach wytwarzaj\u0105 przylistki (p\u0105ki) przetrwalnikowe (gemmae). Pozwalaj\u0105 im one na rozmna\u017canie bezp\u0142ciowe. Dzi\u0119ki temu mog\u0105 w kr\u00f3tkim czasie rozprzestrzenia\u0107 si\u0119 na sporym obszarze. Wi\u0119kszo\u015b\u0107 tych ro\u015blin wyst\u0119puje na terenach wzgl\u0119dnie wilgotnych, co nie jest raczej zaskoczeniem w przypadku rosiczek. S\u0105 bardzo \u0142atwe w uprawie. Bywaj\u0105 niepozorne. Z drugiej strony mo\u017cna spotka\u0107 te\u017c gatunki wyj\u0105tkowo fotogeniczne. Wszystko zale\u017cy od warunk\u00f3w w jakich mo\u017cemy je zobaczy\u0107. Czasem do pe\u0142nego wybarwienia, wymagaj\u0105 do\u015b\u0107 sporej ilo\u015bci \u015bwiat\u0142a. Jednak jest to cena, kt\u00f3r\u0105 warto zap\u0142aci\u0107. Zw\u0142aszcza ze wzgl\u0119du na to, \u017ce wi\u0119ksza grupka tych dobrze wybarwionych ro\u015blin b\u0119dzie wygl\u0105da\u0142a bajecznie... W kwestii \u015bwiat\u0142a nie s\u0105 wybredne. Mimo wszystko jednak najlepszym rozwi\u0105zaniem b\u0119dzie \u015bwiat\u0142o naturalne. Ze wzgl\u0119du na rozmiar, s\u0105 cz\u0119stymi go\u015b\u0107mi w terrariach. Z drugiej strony spokojnie radz\u0105 sobie te\u017c w uprawie doniczkowej na zewn\u0105trz. Istotne jest ich zabezpieczenie przed miejscow\u0105 faun\u0105. Ze wzgl\u0119du na ich egzotyczny wygl\u0105d, bardzo szybko budz\u0105 niezdrowe zainteresowanie swoich ptasich s\u0105siad\u00f3w. Australia jest do\u015b\u0107 zr\u00f3\u017cnicowanym terenem. Obszar gdzie wyst\u0119puj\u0105 te gatunki jest spory. Mo\u017cemy wi\u0119c spotka\u0107 okazy bardzo wytrzyma\u0142e, budz\u0105ce groz\u0119 w\u015br\u00f3d okolicznych owad\u00f3w. Zdarzaj\u0105 si\u0119 te\u017c troch\u0119 bardziej wybredne, dumnie wabi\u0105ce co lepsze owadzie k\u0105ski. Bez wzgl\u0119du jednak na to, najbardziej powszechne i najprostsze w uprawie gatunki idealnie nadaj\u0105 si\u0119 do kolekcji hobbystycznej. S\u0105 w stanie wytrzyma\u0107 kr\u00f3tkotrwa\u0142e spadki temperatury w okolice 0oC.","intro_image":"634","conditions_content":"Je\u015bli jeste\u015b w tym miejscu, to z pewno\u015bci\u0105 zastanawiasz si\u0119 co jest konieczne do rozpocz\u0119cia przygody z upraw\u0105 rosiczek pigmejskich. Nie s\u0105 to gatunki ci\u0119\u017ckie w uprawie, jednak wymagaj\u0105 kilku do\u015b\u0107 specyficznych warunk\u00f3w. Aby rozpocz\u0105\u0107 ten temat musimy ustali\u0107 czym s\u0105 gemmae. Sprawa jest tutaj do\u015b\u0107 prosta. Jak ka\u017cda ro\u015blina, tak i rosiczka pigmejska, doskonali\u0142a si\u0119 w procesie ewolucji. Dzi\u0119ki temu wytworzy\u0142a unikalny dla siebie spos\u00f3b zasiedlania nowych teren\u00f3w. Ca\u0142y proces jest do\u015b\u0107 z\u0142o\u017cony, dlatego nie chcia\u0142bym go tutaj porusza\u0107. Nie jest on a\u017c tak wa\u017cny. Istot\u0105 sprawy jest fakt, \u017ce w pewnym momencie \u017cycia ro\u015bliny matecznej, wok\u00f3\u0142 sto\u017cka wzrostu wytwarzana jest pewn\u0105 ilo\u015b\u0107 ma\u0142ych listk\u00f3w (p\u0105czk\u00f3w - gemmae), kt\u00f3re do\u015b\u0107 \u0142atwo daj\u0105 si\u0119 oddzieli\u0107 i posadzi\u0107 w nowym miejscu. Zale\u017cnie od gatunku, p\u0105czki te mog\u0105 mie\u0107 r\u00f3\u017cny rozmiar, od wielko\u015bci podobnej do g\u0142\u00f3wki ig\u0142y, a\u017c do kilku milimetr\u00f3w. Istnieje spory wachlarz metod rozmna\u017cania rosiczek pigmejskich. Jednak naj\u0142atwiejsz\u0105 z nich jest wykorzystanie gemmae. Co wi\u0119cej, w przypadku krzy\u017c\u00f3wek gatunkowych jest to jedyny pewny spos\u00f3b aby otrzyma\u0107 kopi\u0119 ro\u015bliny matecznej. Je\u015bli chodzi o pod\u0142o\u017ce, to te gatunki rosiczek nie s\u0105 pod tym wzgl\u0119dem a\u017c tak wymagaj\u0105ce. Podstaw\u0105 b\u0119dzie kwa\u015bny torf, zmieszany z piaskiem kwarcowym. Proporcje s\u0105 zale\u017cne od odmiany i nie wp\u0142ywaj\u0105 w a\u017c tak znacz\u0105cy spos\u00f3b na wzrost ro\u015bliny. Im wi\u0119cej piasku, tym wi\u0119ksz\u0105 kontrol\u0119 mo\u017cna utrzyma\u0107 nad wilgotno\u015bci\u0105 samego pod\u0142o\u017ca. Jest to bardzo przydatne spostrze\u017cenie, zw\u0142aszcza w okresie miesi\u0119cy letnich. Wysiew gemmae jest bardzo prosty. Wystarczy wy\u0142o\u017cy\u0107 je na powierzchni pod\u0142o\u017ca. Wa\u017cne jest aby wysianych p\u0105czk\u00f3w nie przysypywa\u0107 oraz aby mia\u0142y dost\u0119p do \u015bwiat\u0142a. \u017bywotno\u015b\u0107 p\u0105czk\u00f3w jest r\u00f3\u017cna, tak d\u0142ugo jak przebywaj\u0105 w ch\u0142odzie i nie zostan\u0105 wysuszone, b\u0119d\u0105 nadawa\u0142y si\u0119 do wysiewu. Zdarza si\u0119, \u017ce otrzymamy ju\u017c kie\u0142kuj\u0105ce gemmae. Nie jest to te\u017c problemem, wymaga jednak odrobin\u0119 wi\u0119cej uwagi gdy\u017c takie malutkie ro\u015bliny musimy r\u0119cznie zasadzi\u0107, uwa\u017caj\u0105c aby nie zniszczy\u0107 m\u0142odych korzonk\u00f3w. Wa\u017cn\u0105 spraw\u0105 jest tak\u017ce fakt, \u017ce rosiczki pigmejskie, tak\u017ce ze wzgl\u0119du na sw\u00f3j rozmiar, maj\u0105 do\u015b\u0107 cienkie korzenie. Dlatego niezbyt dobrze znosz\u0105 przesadzanie.","conditions_image":"636","how-to_content":"Pytanie niezwykle istotne. Od czego w\u0142a\u015bciwie zacz\u0105\u0107? Przyjmijmy, \u017ce posiadasz ju\u017c pod\u0142o\u017ce, doniczki, miejsce gdzie b\u0119dzie to sta\u0142o, a tak\u017ce same gemmae. Teraz pora po\u0142\u0105czy\u0107 te wszystkie elementy w jedn\u0105 ca\u0142o\u015b\u0107. Zacznijmy wi\u0119c od pod\u0142o\u017ca. Dobrze aby by\u0142o do\u015b\u0107 wilgotne. Ci\u0119\u017cko uzyska\u0107 podobny efekt w momencie gdy torf jest mocno przesuszony. Problem ten mo\u017cna obej\u015b\u0107 dodaj\u0105c wod\u0119 do takiego pod\u0142o\u017ca zanim zostanie ono umieszczone w doniczkach. Owszem jest przy tym troch\u0119 pracy i nie wygl\u0105da to za czysto, jednak w ostatecznym rozrachunku jest to bardzo przydatne. U\u017cyteczne mo\u017ce okaza\u0107 si\u0119 tak\u017ce nie zape\u0142nianie doniczek do ko\u0144ca. Warto zostawi\u0107 tak oko\u0142o 0,5cm przestrzeni pomi\u0119dzy ramk\u0105 doniczki, a poziomem pod\u0142o\u017ca. Dzi\u0119ki temu mo\u017cliwe b\u0119dzie przykrycie takiej doniczki foli\u0105 bez obaw o to, \u017ce gemmae przyklej\u0105 si\u0119 do niej i zostan\u0105 usuni\u0119te w chwili jej zdejmowania. To rozwi\u0105zanie jest przydatne, je\u015bli ro\u015bliny maj\u0105 sta\u0107 nad grzejnikiem. Ogrzewanie bardzo mocno wysusza powietrze, co w rezultacie mog\u0142oby wysuszy\u0107 gemmae. W takim wypadku dobrze jest wi\u0119c przykry\u0107 takie doniczki kawa\u0142kiem folii. Tworz\u0105c co\u015b na wz\u00f3r miniaturowej szklarni. Kolejnym krokiem jest ustawienie takiej doniczki w jasnym miejscu. Mo\u017ce to by\u0107 parapet lub jaka\u015b p\u00f3\u0142ka ze sztucznym o\u015bwietleniem. Istotne jest tutaj tylko to, aby ro\u015bliny mia\u0142y dost\u0119p do \u015bwiat\u0142a. Bez niego sobie nie poradz\u0105. Kwestia podlewania jest troch\u0119 bardziej zagmatwana. Zacznijmy od tego, \u017ce cz\u0119\u015b\u0107 gatunk\u00f3w rosiczek pigmejskich wymaga okresu suchego spoczynku. W sieci mo\u017cna znale\u017a\u0107 naprawd\u0119 sporo opis\u00f3w na ten temat. Spr\u00f3buj\u0119 jednak opisa\u0107 jak to wygl\u0105da u mnie. Ze wzgl\u0119du na to, \u017ce posiadam troszk\u0119 wi\u0119ksz\u0105 ilo\u015b\u0107 tych gatunk\u00f3w, musia\u0142em znale\u017a\u0107 spos\u00f3b na to aby u\u0142atwi\u0107 sobie ich podlewanie. Rozwi\u0105zaniem okaza\u0142a si\u0119 tutaj tacka transportowa. Mo\u017cna j\u0105 uzna\u0107, za troch\u0119 wi\u0119ksz\u0105 podstawk\u0119. Ustawiam na niej oko\u0142o dwudziestu doniczek i podlewam ju\u017c bezpo\u015brednio do tacy. W okresie wiosna - jesie\u0144, podlewam do\u015b\u0107 obficie. Mo\u017cna uzna\u0107, \u017ce w tym czasie dos\u0142ownie stoj\u0105 zanurzone w wodzie. W praktyce wygl\u0105da to tak, \u017ce nalewam wody do oko\u0142o po\u0142owy wysoko\u015bci doniczek. Stoj\u0105 tak do momentu a\u017c woda zniknie. Pod wzgl\u0119dem czasu bywa to r\u00f3\u017cnie, od kilku dni, a\u017c do kilku tygodni dla jednego cyklu. Po odparowaniu czekam jeszcze z uzupe\u0142nieniem wody oko\u0142o dw\u00f3ch dni. Obserwuj\u0105c jednak czy doniczki zbytnio nie przesch\u0142y. Po czym ponownie dolewam wody i cykl si\u0119 powtarza. W czasie zimy praktycznie zaprzestaj\u0119 podlewania. Kontroluj\u0105c aby pod\u0142o\u017ce nie by\u0142o zbyt suche. Kwestia temperatury jest mocno nieokre\u015blona. S\u0105 zwolennicy wy\u017cszych temperatur, jak i przekonani, \u017ce te ro\u015bliny wytrzymaj\u0105 ni\u017csze temperatury. Osobi\u015bcie zaliczam si\u0119 bardziej do tych drugich. Ma to jednak pewne ograniczenia. Zacznijmy wi\u0119c od tego, \u017ce okresie zimy trzymam je w pomieszczeniu gdzie \u015brednia temperatura to oko\u0142o 5 stopni Celsiusza. W przypadku bardzo du\u017cych mroz\u00f3w spada ona do 0. Jak na razie nie zauwa\u017cy\u0142em wi\u0119kszych szk\u00f3d spowodowanych takim dzia\u0142aniem. Pozosta\u0142\u0105 cz\u0119\u015b\u0107 roku ro\u015bliny te sp\u0119dzaj\u0105 na zewn\u0105trz, zabezpieczone przed deszczem oraz ptakami.","how-to_image":"637","map":"","footnotes":""},"class_list":["post-5","page","type-page","status-publish","hentry"],"_links":{"self":[{"href":"https:\/\/www.gemmae.pl\/index.php\/wp-json\/wp\/v2\/pages\/5","targetHints":{"allow":["GET"]}}],"collection":[{"href":"https:\/\/www.gemmae.pl\/index.php\/wp-json\/wp\/v2\/pages"}],"about":[{"href":"https:\/\/www.gemmae.pl\/index.php\/wp-json\/wp\/v2\/types\/page"}],"author":[{"embeddable":true,"href":"https:\/\/www.gemmae.pl\/index.php\/wp-json\/wp\/v2\/users\/1"}],"replies":[{"embeddable":true,"href":"https:\/\/www.gemmae.pl\/index.php\/wp-json\/wp\/v2\/comments?post=5"}],"version-history":[{"count":30,"href":"https:\/\/www.gemmae.pl\/index.php\/wp-json\/wp\/v2\/pages\/5\/revisions"}],"predecessor-version":[{"id":635,"href":"https:\/\/www.gemmae.pl\/index.php\/wp-json\/wp\/v2\/pages\/5\/revisions\/635"}],"wp:attachment":[{"href":"https:\/\/www.gemmae.pl\/index.php\/wp-json\/wp\/v2\/media?parent=5"}],"curies":[{"name":"wp","href":"https:\/\/api.w.org\/{rel}","templated":true}]}}